{"id":52,"date":"2024-12-18T11:26:52","date_gmt":"2024-12-18T10:26:52","guid":{"rendered":"https:\/\/www2.torsfred.com\/?page_id=52"},"modified":"2026-02-22T18:38:10","modified_gmt":"2026-02-22T17:38:10","slug":"praktisk-informasjon","status":"publish","type":"page","link":"https:\/\/www.psykolog.torsfred.com\/?page_id=52","title":{"rendered":"PRAKTISK INFORMASJON"},"content":{"rendered":"\n<p>Du trenger henvisning fra din fastlege, den sendes elektronisk. Henvisning til Helse i Arbeid (80%) sendes direkte til Torsfred. Henvisninger til ordin\u00e6r behandling (20%) sendes til Felles henvisningsmottak ved Senter for Psykisk Helse og Rusklinikken S\u00f8r-Troms for vurdering av Rett til N\u00f8dvendig Helsehjelp og videreformidling til behandler.&nbsp; &nbsp;<\/p>\n\n\n\n<p>Ved henvisninger til Helse i Arbeid, sendes det svar-SMS der du f\u00e5r informasjon om antatt ventetid (for tiden 1-4 mnd). Dersom du er henvist til feil tilbud, din tilstand forverrer seg i ventetiden eller det blir for lenge \u00e5 vente, s\u00e5 m\u00e5 du ta kontakt med fastlege\/henviser for dr\u00f8fting av situasjonen. OBS, dersom du ikke lenger trenger din plass p\u00e5 ventelisten, bes det om at du gir beskjed.<\/p>\n\n\n\n<p>Betaling av egenandel\/gebyr gjennomf\u00f8res med Vipps. Bedriften er en del av spesialisthelsetjenesten og har avtale med Helse Nord RHF. Det betyr at du betaler egenandel per time (for tiden fra 403-806 kr), inntil frikortbel\u00f8pet er n\u00e5dd. Egenandelstaket for pasienter er 3278 kr pr. \u00e5r.<\/p>\n\n\n\n<p>For n\u00e6rmere informasjon, se <a href=\"https:\/\/helsenorge.no\/betaling-for-helsetjenester\/frikort-for-helsetjenester\" target=\"_blank\" rel=\"noreferrer noopener\">frikortsbel\u00f8p informasjon<\/a>.<\/p>\n\n\n\n<p><strong>Avbestilling<br><\/strong>Timeavtalene lages i felleskap, det vanlige er ukentlig oppf\u00f8lging. De avtalte timene er da reserverte for deg. Eventuell avbestilling eller endring av timeavtale m\u00e5 skje i s\u00e5 god tid som mulig.<\/p>\n\n\n\n<p>Ved avbestilling etter fristen\/ikke m\u00f8tt til time, blir du belastet med en avgift. Dette gjelder:<br>&#8211; Uansett \u00e5rsak<br>&#8211; Ogs\u00e5 n\u00e5r du har frikort<\/p>\n\n\n\n<p>Avbestilling seinere enn 2 virkedager f\u00f8r avtalt time: 800 kr.&nbsp;<\/p>\n\n\n\n<p>Ved eventuelle problemer med \u00e5 f\u00f8lge opp timeavtaler og eller betaling avsluttes sakene innen kort tid.<\/p>\n","protected":false},"excerpt":{"rendered":"<p>Du trenger henvisning fra din fastlege, den sendes elektronisk. Henvisning til Helse i Arbeid (80%) sendes direkte til Torsfred. Henvisninger til ordin\u00e6r behandling (20%) sendes til Felles henvisningsmottak ved Senter for Psykisk Helse og Rusklinikken S\u00f8r-Troms for vurdering av Rett til N\u00f8dvendig Helsehjelp og videreformidling til behandler.&nbsp; &nbsp; Ved henvisninger&#8230; <a class=\"continue-reading-link\" href=\"https:\/\/www.psykolog.torsfred.com\/?page_id=52\">Continue reading<\/a><\/p>\n","protected":false},"author":1,"featured_media":0,"parent":0,"menu_order":0,"comment_status":"closed","ping_status":"closed","template":"","meta":{"footnotes":""},"class_list":["post-52","page","type-page","status-publish","hentry"],"_links":{"self":[{"href":"https:\/\/www.psykolog.torsfred.com\/index.php?rest_route=\/wp\/v2\/pages\/52","targetHints":{"allow":["GET"]}}],"collection":[{"href":"https:\/\/www.psykolog.torsfred.com\/index.php?rest_route=\/wp\/v2\/pages"}],"about":[{"href":"https:\/\/www.psykolog.torsfred.com\/index.php?rest_route=\/wp\/v2\/types\/page"}],"author":[{"embeddable":true,"href":"https:\/\/www.psykolog.torsfred.com\/index.php?rest_route=\/wp\/v2\/users\/1"}],"replies":[{"embeddable":true,"href":"https:\/\/www.psykolog.torsfred.com\/index.php?rest_route=%2Fwp%2Fv2%2Fcomments&post=52"}],"version-history":[{"count":3,"href":"https:\/\/www.psykolog.torsfred.com\/index.php?rest_route=\/wp\/v2\/pages\/52\/revisions"}],"predecessor-version":[{"id":92,"href":"https:\/\/www.psykolog.torsfred.com\/index.php?rest_route=\/wp\/v2\/pages\/52\/revisions\/92"}],"wp:attachment":[{"href":"https:\/\/www.psykolog.torsfred.com\/index.php?rest_route=%2Fwp%2Fv2%2Fmedia&parent=52"}],"curies":[{"name":"wp","href":"https:\/\/api.w.org\/{rel}","templated":true}]}}